{"id":18,"date":"2015-01-11T12:21:25","date_gmt":"2015-01-11T12:21:25","guid":{"rendered":"http:\/\/hoestje.de\/?page_id=18"},"modified":"2015-03-25T08:23:19","modified_gmt":"2015-03-25T08:23:19","slug":"der-verein","status":"publish","type":"page","link":"https:\/\/eggeloge.de\/?page_id=18","title":{"rendered":"Der Verein"},"content":{"rendered":"<h4>Vereinszweck<\/h4>\n<p>Der Ortsb\u00fcrgerverein Eggeloge ist ein eingetragener gemein\u00fctziger Verein. Sein Zweck ist die Entwicklung des Dorfes zu f\u00f6rdern und seinen Mitgliedern das Leben in unserem sch\u00f6nen Dorf angenehmer zu gestalten.<\/p>\n<h4>Vorstand<\/h4>\n<p>Der Vorstand und die Beir\u00e4te wurden auf der Jahreshauptversammlung 2012 neu gew\u00e4hlt.<\/p>\n\n<table id=\"tablepress-2\" class=\"tablepress tablepress-id-2\">\n<tbody class=\"row-hover\">\n<tr class=\"row-1\">\n\t<td class=\"column-1\">1. Vorsitzender<\/td><td class=\"column-2\"><a href=\"http:\/\/eggeloge.de\/wp-content\/uploads\/2015\/01\/heiko-willms.jpg\"><img loading=\"lazy\" decoding=\"async\" src=\"http:\/\/eggeloge.de\/wp-content\/uploads\/2015\/01\/heiko-willms.jpg\" alt=\"heiko-willms\" width=\"156\" height=\"154\" class=\"alignnone size-full wp-image-20\" \/><\/a><\/td><td class=\"column-3\">Heiko Willms<br \/>\nEggeloger Str. 32<br \/>\n26655 Westerstede<br \/>\n<br \/>\nTel.: 04488 \/ 96 48<\/td>\n<\/tr>\n<tr class=\"row-2\">\n\t<td class=\"column-1\">2. Vorsitzende<\/td><td class=\"column-2\"><\/td><td class=\"column-3\">Ute Acquistapace<\/td>\n<\/tr>\n<tr class=\"row-3\">\n\t<td class=\"column-1\">Kassenwart<\/td><td class=\"column-2\"><\/td><td class=\"column-3\">Uwe H\u00f6stje<\/td>\n<\/tr>\n<tr class=\"row-4\">\n\t<td class=\"column-1\">Schriftf\u00fchrerin<\/td><td class=\"column-2\"><\/td><td class=\"column-3\">Cornelia Hellmers<\/td>\n<\/tr>\n<\/tbody>\n<\/table>\n<!-- #tablepress-2 from cache -->\n<h4>Die Beir\u00e4te<\/h4>\n\n<table id=\"tablepress-3\" class=\"tablepress tablepress-id-3\">\n<tbody class=\"row-hover\">\n<tr class=\"row-1\">\n\t<td class=\"column-1\">Eggeloge \u201eBeeken\u201c<\/td><td class=\"column-2\"><\/td><td class=\"column-3\">Hiltrud Rietforts<\/td>\n<\/tr>\n<tr class=\"row-2\">\n\t<td class=\"column-1\">Eggelogerfeld<\/td><td class=\"column-2\"><\/td><td class=\"column-3\">Julius Gerdes<\/td>\n<\/tr>\n<tr class=\"row-3\">\n\t<td class=\"column-1\">Eggeloge \u201eSchule\u201c<\/td><td class=\"column-2\"><\/td><td class=\"column-3\">G\u00fcnter Janssen<\/td>\n<\/tr>\n<tr class=\"row-4\">\n\t<td class=\"column-1\">Felder Strasse<\/td><td class=\"column-2\"><\/td><td class=\"column-3\">Hajo Puls<\/td>\n<\/tr>\n<tr class=\"row-5\">\n\t<td class=\"column-1\">Hauptstrasse<\/td><td class=\"column-2\"><\/td><td class=\"column-3\">Manfred Oetjen<\/td>\n<\/tr>\n<tr class=\"row-6\">\n\t<td class=\"column-1\">Am S\u00fclster<\/td><td class=\"column-2\"><\/td><td class=\"column-3\">Andreas Nappe<\/td>\n<\/tr>\n<tr class=\"row-7\">\n\t<td class=\"column-1\">Karkhorn<\/td><td class=\"column-2\"><\/td><td class=\"column-3\">Susanne Grube<\/td>\n<\/tr>\n<tr class=\"row-8\">\n\t<td class=\"column-1\"> <\/td><td class=\"column-2\"><\/td><td class=\"column-3\"><\/td>\n<\/tr>\n<tr class=\"row-9\">\n\t<td class=\"column-1\">Seniorenbeir\u00e4tin<\/td><td class=\"column-2\"><\/td><td class=\"column-3\"><\/td>\n<\/tr>\n<tr class=\"row-10\">\n\t<td class=\"column-1\">Jugendbeir\u00e4tin<\/td><td class=\"column-2\"><\/td><td class=\"column-3\">Saskia Puls<\/td>\n<\/tr>\n<tr class=\"row-11\">\n\t<td class=\"column-1\">Presse- und \u00d6ffentlichkeitsarbeit<\/td><td class=\"column-2\"><\/td><td class=\"column-3\">Elke Reents<\/td>\n<\/tr>\n<\/tbody>\n<\/table>\n<!-- #tablepress-3 from cache -->\n","protected":false},"excerpt":{"rendered":"<p>Vereinszweck Der Ortsb\u00fcrgerverein Eggeloge ist ein eingetragener gemein\u00fctziger Verein. Sein Zweck ist die Entwicklung des Dorfes zu f\u00f6rdern und seinen Mitgliedern das Leben in unserem sch\u00f6nen Dorf angenehmer zu gestalten. Vorstand Der Vorstand und die Beir\u00e4te wurden auf der Jahreshauptversammlung 2012 neu gew\u00e4hlt. Die Beir\u00e4te<\/p>\n","protected":false},"author":1,"featured_media":0,"parent":0,"menu_order":0,"comment_status":"closed","ping_status":"open","template":"","meta":{"ngg_post_thumbnail":0,"footnotes":""},"class_list":["post-18","page","type-page","status-publish","hentry"],"_links":{"self":[{"href":"https:\/\/eggeloge.de\/index.php?rest_route=\/wp\/v2\/pages\/18","targetHints":{"allow":["GET"]}}],"collection":[{"href":"https:\/\/eggeloge.de\/index.php?rest_route=\/wp\/v2\/pages"}],"about":[{"href":"https:\/\/eggeloge.de\/index.php?rest_route=\/wp\/v2\/types\/page"}],"author":[{"embeddable":true,"href":"https:\/\/eggeloge.de\/index.php?rest_route=\/wp\/v2\/users\/1"}],"replies":[{"embeddable":true,"href":"https:\/\/eggeloge.de\/index.php?rest_route=%2Fwp%2Fv2%2Fcomments&post=18"}],"version-history":[{"count":10,"href":"https:\/\/eggeloge.de\/index.php?rest_route=\/wp\/v2\/pages\/18\/revisions"}],"predecessor-version":[{"id":28,"href":"https:\/\/eggeloge.de\/index.php?rest_route=\/wp\/v2\/pages\/18\/revisions\/28"}],"wp:attachment":[{"href":"https:\/\/eggeloge.de\/index.php?rest_route=%2Fwp%2Fv2%2Fmedia&parent=18"}],"curies":[{"name":"wp","href":"https:\/\/api.w.org\/{rel}","templated":true}]}}