{"id":189,"date":"2015-01-12T06:12:46","date_gmt":"2015-01-12T06:12:46","guid":{"rendered":"http:\/\/eggeloge.de\/?page_id=189"},"modified":"2015-12-14T11:31:27","modified_gmt":"2015-12-14T11:31:27","slug":"geschichte","status":"publish","type":"page","link":"https:\/\/eggeloge.de\/?page_id=189","title":{"rendered":"Geschichte"},"content":{"rendered":"<h4>Die Gr\u00fcndung<\/h4>\n<p>Am 4. November 1977 hatte der ehemalige Bezirksvorsteher Fritz Bohlje die Dorfbewohner zu einer Versammlung in den &#8222;Eggeloger Krug&#8220; eingeladen.<\/p>\n<p>Die einzelnen Tagesordnungspunkte wurden z\u00fcgig abgehandelt. Zwei Tagesordnungspunkte aber wurden ausgiebig diskutiert. Zum einen die Verwendung der R\u00e4umlichkeiten der ehemaligen Schule, sowie die Gr\u00fcndung eines Ortsb\u00fcrgervereins. Am selben Abend erkl\u00e4rten sich spontan 25 Versammlungsteilnehmer zum Beitritt zu dem neu zu gr\u00fcndenden Verein.<\/p>\n<p>Als erster Vorsitzender wurde Gerd Ulken gew\u00e4hlt. Der neue Vorstand schlug vor, einen Teil der R\u00e4umlichkeiten der alten Schule als Dorfgemeinschaftshaus zu nutzen. Auf der ersten ordentlichen Vorstandssitzung wurden folgende Punkte beraten:<\/p>\n<ul>\n<li>Untervermietung der Schule an die Landjugend und die Sportgemeinschaft Halsbek<\/li>\n<li>Beiratsgr\u00fcndung<\/li>\n<li>Mitgliederwerbung und<\/li>\n<li>Ausbau des unteren Klassenraumes zum Dorfgemeinschaftsraum<\/li>\n<\/ul>\n<p>Die erste offizielle Versammlung des Vereins fand am 7. April 1978 im &#8222;Eggeloger Krug&#8220; statt. Als G\u00e4ste konnten der Stadtdirektor Tapken und Pastor Spradau begr\u00fc\u00dft werden.<\/p>\n<p>Die erste gr\u00f6\u00dfere Versammlung war am 22. April 1978 ein &#8222;Tag der offenen T\u00fcr&#8220; mit einem Flohmarkt, Knobeln und Geschicklichkeitsspielen.<\/p>\n<p>Im Sommer 1978 wurde das untere Klassenzimmer in Eigenleistung renoviert. Die offizielle Einweihung des Raumes wurde am 27. Oktober 1978 durch B\u00fcrgermeister H\u00fcniken vorgenommen.<\/p>\n","protected":false},"excerpt":{"rendered":"<p>Die Gr\u00fcndung Am 4. November 1977 hatte der ehemalige Bezirksvorsteher Fritz Bohlje die Dorfbewohner zu einer Versammlung in den &#8222;Eggeloger Krug&#8220; eingeladen. Die einzelnen Tagesordnungspunkte wurden z\u00fcgig abgehandelt. Zwei Tagesordnungspunkte aber wurden ausgiebig diskutiert. Zum einen die Verwendung der R\u00e4umlichkeiten der ehemaligen Schule, sowie die Gr\u00fcndung eines Ortsb\u00fcrgervereins. Am selben Abend erkl\u00e4rten sich spontan 25 &hellip; <a href=\"https:\/\/eggeloge.de\/?page_id=189\" class=\"more-link\"><span class=\"screen-reader-text\">Geschichte<\/span> weiterlesen <span class=\"meta-nav\">&rarr;<\/span><\/a><\/p>\n","protected":false},"author":1,"featured_media":0,"parent":18,"menu_order":0,"comment_status":"closed","ping_status":"open","template":"","meta":{"ngg_post_thumbnail":0,"footnotes":""},"class_list":["post-189","page","type-page","status-publish","hentry"],"_links":{"self":[{"href":"https:\/\/eggeloge.de\/index.php?rest_route=\/wp\/v2\/pages\/189","targetHints":{"allow":["GET"]}}],"collection":[{"href":"https:\/\/eggeloge.de\/index.php?rest_route=\/wp\/v2\/pages"}],"about":[{"href":"https:\/\/eggeloge.de\/index.php?rest_route=\/wp\/v2\/types\/page"}],"author":[{"embeddable":true,"href":"https:\/\/eggeloge.de\/index.php?rest_route=\/wp\/v2\/users\/1"}],"replies":[{"embeddable":true,"href":"https:\/\/eggeloge.de\/index.php?rest_route=%2Fwp%2Fv2%2Fcomments&post=189"}],"version-history":[{"count":3,"href":"https:\/\/eggeloge.de\/index.php?rest_route=\/wp\/v2\/pages\/189\/revisions"}],"predecessor-version":[{"id":3537,"href":"https:\/\/eggeloge.de\/index.php?rest_route=\/wp\/v2\/pages\/189\/revisions\/3537"}],"up":[{"embeddable":true,"href":"https:\/\/eggeloge.de\/index.php?rest_route=\/wp\/v2\/pages\/18"}],"wp:attachment":[{"href":"https:\/\/eggeloge.de\/index.php?rest_route=%2Fwp%2Fv2%2Fmedia&parent=189"}],"curies":[{"name":"wp","href":"https:\/\/api.w.org\/{rel}","templated":true}]}}