{"id":203,"date":"2015-01-12T06:48:00","date_gmt":"2015-01-12T06:48:00","guid":{"rendered":"http:\/\/eggeloge.de\/?page_id=203"},"modified":"2024-03-24T18:18:38","modified_gmt":"2024-03-24T18:18:38","slug":"zahlen-daten-fakten","status":"publish","type":"page","link":"https:\/\/eggeloge.de\/?page_id=203","title":{"rendered":"Zahlen, Daten Fakten"},"content":{"rendered":"<h4>Eggeloge<br \/>\n(mit Eggelogerfeld, J\u00fchrdenerfeld, Grafenfeld)<\/h4>\n<ol>\n<li><strong>Gebietsgr\u00f6\u00dfe<\/strong>: 720 ha<\/li>\n<li><strong>Einwohnerzahl<\/strong>: 312 Einwohner (Stand 31.12.2023)<\/li>\n<li><strong>Infrastruktur<\/strong>:\n<ul type=\"disc\">\n<li>l\u00e4ndlich im n\u00f6rdlichen Stadtgebiet Westerstede gelegen, d\u00f6rflicher Charakter<\/li>\n<li>gute verkehrliche Anbindung und Beziehungen zu Halsbek<\/li>\n<li>altes Eschdorf auf dem Geestr\u00fccken am Rande des Moores<\/li>\n<li>\u00fcberwiegend &#8222;Stra\u00dfendorf&#8220;, mit ringartiger Erweiterung (Stra\u00dfe Am Ring),<\/li>\n<li>zwei Siedlungsschwerpunkte im Bereich Felder Stra\u00dfe und Eggeloger Stra\u00dfe<\/li>\n<li>leicht r\u00fcckl\u00e4ufige Einwohnerentwicklung in den letzten Jahren<\/li>\n<li>Siedlungs- \/Nutzungsstruktur gepr\u00e4gt v. a. von Landwirtschaft und Wohnen<\/li>\n<li>gro\u00dfe landwirtschaftliche Betriebe und dorftypische Handwerks- \/ Gewerbebetriebe vorhanden<\/li>\n<li>z. T. gut erhaltene d\u00f6rfliche Bausubstanz und Siedlungsstruktur<\/li>\n<li>markante Parallelrippen-Landschaft durch die Niederung der&nbsp; Gro\u00dfen Norderb\u00e4ke (Ive)<\/li>\n<li>wertvolle, vielseitige und waldreiche Naturraumausstattung<\/li>\n<li>noch kein Baugebiet vorhanden, Dorfentwicklung durch L\u00fcckenbebauung<\/li>\n<li>Raiffeisen-Warengenossenschaft f\u00fcr \u00f6rtliche Grundversorgung,<\/li>\n<li>1 Gastst\u00e4tte mit Diskothek und Saalbetrieb, Kegelbahn<\/li>\n<li>Dorfgemeinschaftshaus &#8222;Alte Schule&#8220;<\/li>\n<li>Dorfplatz mit Remise \/ Grillhaus sowie mit Spiel und Bolzplatz<\/li>\n<li>1 privater Angelteich mit Aussichtspunkt zur \u00f6ffentlichen Nutzung<\/li>\n<li>2 Baudenkmale (alter Bahnhof, Br\u00fccke Gro\u00dfe Norderb\u00e4ke), Ehrenmal<\/li>\n<li>kein inner\u00f6rtlicher Radweg und keine festgesetzte OD vorhanden<\/li>\n<li>mehrere Sitz- und Rastecken (z. B. Kl\u00fcnmoors- Eck, Eck an&#8217;t Diek), Info-Tafeln<\/li>\n<li>Klinkerstra\u00dfen (z. B. Felder Stra\u00dfe)<\/li>\n<\/ul>\n<\/li>\n<li><strong>Planungen<\/strong>:\n<ul type=\"disc\">\n<li>Flurbereinigungsverfahren Halsbek \/ Eggeloge<br \/>\n(2019 abgeschlossen)<\/li>\n<li>Dorferneuerungsplanung beantragt<\/li>\n<li>kein Bebauungsplan und kein Satzungsgebiet vorhanden,<\/li>\n<li>Dorfentwicklungskonzept vorhanden (Projekt von OBV und Agenda-AG)<\/li>\n<li>regelm\u00e4\u00dfige Teilnahme beim Dorfwettbewerb auf Kreisebene, Bezirksebene und Landesebene<\/li>\n<\/ul>\n<\/li>\n<li><strong>Projekte<\/strong>:\n<ul type=\"disc\">\n<li>Ausbau Dorfgemeinschaftshaus und Jugendraum &#8222;EggeEck&#8220;<br \/>\n(u. a. mit viel Eigenleistung realisiert)<\/li>\n<li>Neubau Radweg und &#8222;0D&#8220;-Festsetzung an der Eggeloger Stra\u00dfe (beantrangt)<\/li>\n<li>Geschwindigkeitsbeschr\u00e4nkung K 114 beantragt<\/li>\n<li>Ausweisung von Baupl\u00e4tzen mit dezentraler Kanalisation (gew\u00fcnscht)<\/li>\n<li>Einrichtung eines Bolzplatzes (in Eigenleistung durchgef\u00fchrt)<\/li>\n<li>Einrichtung mehrerer Sitzecken z. B beim Denkmal<br \/>\n(in Eigenleistung)<\/li>\n<li>Verbesserung des \u00d6PNV und der \u00f6rtlichen Versorgung gew\u00fcnscht<\/li>\n<li>verschiedene Stra\u00dfensanierungsma\u00dfnahmen geplant \/ durchgef\u00fchrt<\/li>\n<\/ul>\n<\/li>\n<li><strong>Vereine<\/strong> (u. a.):\n<ul type=\"disc\">\n<li>Ortsb\u00fcrgerverein Eggeloge<\/li>\n<li>Ortslandvolkverein, Landjugend (mit Halsbek)<\/li>\n<li>M\u00e4nnergesangsverein &#8222;Eintracht&#8220;<\/li>\n<li>Seniorentreffen, Frauengruppe, Spielkreis<\/li>\n<\/ul>\n<\/li>\n<li><strong>Aktivit\u00e4ten<\/strong> (s. a. 5. u 6.)\n<ul type=\"disc\">\n<li>Dorfmarkt, Erntefest, Adventsfeier, S\u00e4ngerball<\/li>\n<li>gemeinschaftliche Nutzung des Dorfgemeinschaftshauses<\/li>\n<li>Dorfchronik, Plattdeutscher Kl\u00f6nschnack, Preisskat<\/li>\n<li>sonstige Veranstaltungen der Heimat-, Kultur- und Brauchtumspflege<\/li>\n<li>Fahrradtour, Theaterfahrt, Motorradtreffen<\/li>\n<li>Vater-Kind-Zelten, Zeltlager<\/li>\n<li>Pflege der Gemeinschaftseinrichtungen und des Denkmals<\/li>\n<li>Baumpflanz- und S\u00e4uberungsaktionen, Stra\u00dfengemeinschaften<\/li>\n<\/ul>\n<\/li>\n<\/ol>\n","protected":false},"excerpt":{"rendered":"<p>Eggeloge (mit Eggelogerfeld, J\u00fchrdenerfeld, Grafenfeld) Gebietsgr\u00f6\u00dfe: 720 ha Einwohnerzahl: 312 Einwohner (Stand 31.12.2023) Infrastruktur: l\u00e4ndlich im n\u00f6rdlichen Stadtgebiet Westerstede gelegen, d\u00f6rflicher Charakter gute verkehrliche Anbindung und Beziehungen zu Halsbek altes Eschdorf auf dem Geestr\u00fccken am Rande des Moores \u00fcberwiegend &#8222;Stra\u00dfendorf&#8220;, mit ringartiger Erweiterung (Stra\u00dfe Am Ring), zwei Siedlungsschwerpunkte im Bereich Felder Stra\u00dfe und Eggeloger Stra\u00dfe &hellip; <a href=\"https:\/\/eggeloge.de\/?page_id=203\" class=\"more-link\"><span class=\"screen-reader-text\">Zahlen, Daten Fakten<\/span> weiterlesen <span class=\"meta-nav\">&rarr;<\/span><\/a><\/p>\n","protected":false},"author":1,"featured_media":0,"parent":16,"menu_order":0,"comment_status":"closed","ping_status":"open","template":"","meta":{"ngg_post_thumbnail":0,"footnotes":""},"class_list":["post-203","page","type-page","status-publish","hentry"],"_links":{"self":[{"href":"https:\/\/eggeloge.de\/index.php?rest_route=\/wp\/v2\/pages\/203","targetHints":{"allow":["GET"]}}],"collection":[{"href":"https:\/\/eggeloge.de\/index.php?rest_route=\/wp\/v2\/pages"}],"about":[{"href":"https:\/\/eggeloge.de\/index.php?rest_route=\/wp\/v2\/types\/page"}],"author":[{"embeddable":true,"href":"https:\/\/eggeloge.de\/index.php?rest_route=\/wp\/v2\/users\/1"}],"replies":[{"embeddable":true,"href":"https:\/\/eggeloge.de\/index.php?rest_route=%2Fwp%2Fv2%2Fcomments&post=203"}],"version-history":[{"count":5,"href":"https:\/\/eggeloge.de\/index.php?rest_route=\/wp\/v2\/pages\/203\/revisions"}],"predecessor-version":[{"id":3996,"href":"https:\/\/eggeloge.de\/index.php?rest_route=\/wp\/v2\/pages\/203\/revisions\/3996"}],"up":[{"embeddable":true,"href":"https:\/\/eggeloge.de\/index.php?rest_route=\/wp\/v2\/pages\/16"}],"wp:attachment":[{"href":"https:\/\/eggeloge.de\/index.php?rest_route=%2Fwp%2Fv2%2Fmedia&parent=203"}],"curies":[{"name":"wp","href":"https:\/\/api.w.org\/{rel}","templated":true}]}}